{"id":2,"date":"2020-10-01T11:23:19","date_gmt":"2020-10-01T09:23:19","guid":{"rendered":"http:\/\/racinesprojetsaccompagnement.com\/?page_id=2"},"modified":"2024-03-19T23:44:32","modified_gmt":"2024-03-19T22:44:32","slug":"page-d-exemple","status":"publish","type":"page","link":"https:\/\/racinesprojetsaccompagnement.com\/","title":{"rendered":"Racines projets"},"content":{"rendered":"\n<p class=\"has-text-align-center\" style=\"font-size:33px\">Centre bilan de comp\u00e9tences<br>et de th\u00e9rapies \u00e0 S\u00e9lestat &amp; Colmar<\/p>\n\n\n\n<h3 class=\"wp-block-heading has-text-align-center\" id=\"block-f9cf4404-20d5-4c0e-8b26-74ff4d0a16e8\" style=\"font-size:23px\"><strong>Christina Duchesne <\/strong><\/h3>\n\n\n\n<h3 class=\"wp-block-heading has-text-align-center\" id=\"block-f9cf4404-20d5-4c0e-8b26-74ff4d0a16e8\" style=\"font-size:23px\">Consultante Bilan &#8211; Hypnoth\u00e9rapeute &#8211; Art th\u00e9rapeute humaniste<\/h3>\n\n\n\n<p><\/p>\n\n\n\n<p class=\"has-black-color has-white-background-color has-text-color has-background\"><strong>Bienvenue sur mon site,<\/strong><br><br>Depuis 19 ans, j\u2019accompagne des femmes et des hommes dans leurs moments cl\u00e9s de vie professionnelle et personnelle, en individuel ou en groupe. En plus d\u2019\u00eatre consultante formatrice en orientation professionnelle et en emploi, je suis praticienne en psychoth\u00e9rapie, hypnoth\u00e9rapeute \u00e9ricksonnienne et facilitatrice en respiration holotropique.<br>Je propose des suivis professionnels et th\u00e9rapeutiques\u00a0:<br>&#8211; en<strong> <a class=\"rank-math-link\" href=\"https:\/\/racinesprojetsaccompagnement.com\/index.php\/le-bilan-de-competences\/\"><span style=\"background-color:rgba(0, 0, 0, 0)\" class=\"has-inline-color has-vivid-red-color\">Bilan de comp\u00e9tences<\/span><\/a><\/strong><br>&#8211; en <strong><a class=\"rank-math-link\" href=\"https:\/\/racinesprojetsaccompagnement.com\/index.php\/accompagnement-par-lart-therapie-humaniste\/\"><span style=\"background-color:rgba(0, 0, 0, 0)\" class=\"has-inline-color has-vivid-red-color\">Art-th\u00e9rapie humaniste<\/span><\/a><\/strong><br>&#8211; en <strong><a class=\"rank-math-link\" href=\"https:\/\/racinesprojetsaccompagnement.com\/index.php\/hypnose-ericksonienne-therapeutique\/\"><span style=\"background-color:rgba(0, 0, 0, 0)\" class=\"has-inline-color has-vivid-red-color\">Hypnose Ericksonienne<\/span><\/a><\/strong><br>Je vous souhaite une belle exploration&#8230;<br>Christina Duchesne<\/p>\n\n\n\n<div class=\"wp-block-columns is-layout-flex wp-container-core-columns-is-layout-9d6595d7 wp-block-columns-is-layout-flex\">\n<div class=\"wp-block-column is-layout-flow wp-block-column-is-layout-flow\">\n<h4 class=\"wp-block-heading has-text-align-center\"><a href=\"https:\/\/racinesprojetsaccompagnement.com\/index.php\/le-bilan-de-competences\/\" class=\"rank-math-link\">Bilan de comp\u00e9tences<br>Eligible CPF <\/a><\/h4>\n\n\n\n<p><\/p>\n\n\n\n<figure class=\"wp-block-image size-large\"><a href=\"https:\/\/racinesprojetsaccompagnement.com\/index.php\/le-bilan-de-competences\/\"><img loading=\"lazy\" decoding=\"async\" width=\"394\" height=\"279\" src=\"https:\/\/racinesprojetsaccompagnement.com\/wp-content\/uploads\/2021\/01\/Capture-de\u0301cran-2021-01-07-a\u0300-10.28.45.png\" alt=\"Centre bilan de comp\u00e9tences\net de psychoth\u00e9rapie \u00e0 S\u00e9lestat\" class=\"wp-image-221\" srcset=\"https:\/\/racinesprojetsaccompagnement.com\/wp-content\/uploads\/2021\/01\/Capture-de\u0301cran-2021-01-07-a\u0300-10.28.45.png 394w, https:\/\/racinesprojetsaccompagnement.com\/wp-content\/uploads\/2021\/01\/Capture-de\u0301cran-2021-01-07-a\u0300-10.28.45-300x212.png 300w\" sizes=\"auto, (max-width: 394px) 100vw, 394px\" \/><\/a><\/figure>\n<\/div>\n\n\n\n<div class=\"wp-block-column is-layout-flow wp-block-column-is-layout-flow\">\n<h4 class=\"wp-block-heading has-text-align-center\"><a href=\"https:\/\/racinesprojetsaccompagnement.com\/index.php\/accompagnement-par-lart-therapie-humaniste\/\" class=\"rank-math-link\">Art-th\u00e9rapie <br>humaniste<\/a><\/h4>\n\n\n<div class=\"wp-block-image is-style-default\">\n<figure class=\"aligncenter size-large is-resized\"><a href=\"https:\/\/racinesprojetsaccompagnement.com\/index.php\/accompagnement-par-lart-therapie-humaniste\/\"><img loading=\"lazy\" decoding=\"async\" width=\"2445\" height=\"2448\" src=\"https:\/\/racinesprojetsaccompagnement.com\/wp-content\/uploads\/2021\/01\/IMG_5025-edited.jpg\" alt=\"\" class=\"wp-image-345\" style=\"width:315px;height:315px\" srcset=\"https:\/\/racinesprojetsaccompagnement.com\/wp-content\/uploads\/2021\/01\/IMG_5025-edited.jpg 2445w, https:\/\/racinesprojetsaccompagnement.com\/wp-content\/uploads\/2021\/01\/IMG_5025-edited-300x300.jpg 300w, https:\/\/racinesprojetsaccompagnement.com\/wp-content\/uploads\/2021\/01\/IMG_5025-edited-1024x1024.jpg 1024w, https:\/\/racinesprojetsaccompagnement.com\/wp-content\/uploads\/2021\/01\/IMG_5025-edited-150x150.jpg 150w, https:\/\/racinesprojetsaccompagnement.com\/wp-content\/uploads\/2021\/01\/IMG_5025-edited-768x769.jpg 768w, https:\/\/racinesprojetsaccompagnement.com\/wp-content\/uploads\/2021\/01\/IMG_5025-edited-1534x1536.jpg 1534w, https:\/\/racinesprojetsaccompagnement.com\/wp-content\/uploads\/2021\/01\/IMG_5025-edited-2045x2048.jpg 2045w, https:\/\/racinesprojetsaccompagnement.com\/wp-content\/uploads\/2021\/01\/IMG_5025-edited-1200x1200.jpg 1200w\" sizes=\"auto, (max-width: 2445px) 100vw, 2445px\" \/><\/a><\/figure>\n<\/div><\/div>\n<\/div>\n\n\n\n<div class=\"wp-block-columns is-layout-flex wp-container-core-columns-is-layout-9d6595d7 wp-block-columns-is-layout-flex\">\n<div class=\"wp-block-column is-layout-flow wp-block-column-is-layout-flow\">\n<h4 class=\"wp-block-heading has-text-align-center\"><a href=\"https:\/\/racinesprojetsaccompagnement.com\/index.php\/hypnose-ericksonienne-therapeutique\/\" class=\"rank-math-link\">Hypnose Ericksonienne<\/a><\/h4>\n\n\n<div class=\"wp-block-image\">\n<figure class=\"aligncenter size-large is-resized\"><a href=\"https:\/\/racinesprojetsaccompagnement.com\/index.php\/hypnose-ericksonienne-therapeutique\/\"><img loading=\"lazy\" decoding=\"async\" width=\"2520\" height=\"2519\" src=\"https:\/\/racinesprojetsaccompagnement.com\/wp-content\/uploads\/2021\/01\/Dedale-2-edited-1.jpg\" alt=\"\" class=\"wp-image-347\" style=\"width:370px;height:370px\" srcset=\"https:\/\/racinesprojetsaccompagnement.com\/wp-content\/uploads\/2021\/01\/Dedale-2-edited-1.jpg 2520w, https:\/\/racinesprojetsaccompagnement.com\/wp-content\/uploads\/2021\/01\/Dedale-2-edited-1-300x300.jpg 300w, https:\/\/racinesprojetsaccompagnement.com\/wp-content\/uploads\/2021\/01\/Dedale-2-edited-1-1024x1024.jpg 1024w, https:\/\/racinesprojetsaccompagnement.com\/wp-content\/uploads\/2021\/01\/Dedale-2-edited-1-150x150.jpg 150w, https:\/\/racinesprojetsaccompagnement.com\/wp-content\/uploads\/2021\/01\/Dedale-2-edited-1-768x768.jpg 768w, https:\/\/racinesprojetsaccompagnement.com\/wp-content\/uploads\/2021\/01\/Dedale-2-edited-1-1536x1536.jpg 1536w, https:\/\/racinesprojetsaccompagnement.com\/wp-content\/uploads\/2021\/01\/Dedale-2-edited-1-2048x2048.jpg 2048w, https:\/\/racinesprojetsaccompagnement.com\/wp-content\/uploads\/2021\/01\/Dedale-2-edited-1-1200x1200.jpg 1200w\" sizes=\"auto, (max-width: 2520px) 100vw, 2520px\" \/><\/a><\/figure>\n<\/div><\/div>\n\n\n\n<div class=\"wp-block-column is-layout-flow wp-block-column-is-layout-flow\">\n<h4 class=\"wp-block-heading has-text-align-center\"><a href=\"https:\/\/racinesprojetsaccompagnement.com\/index.php\/tarifs\/\" class=\"rank-math-link\">Tarifs<\/a><\/h4>\n\n\n<div class=\"wp-block-image\">\n<figure class=\"aligncenter size-large is-resized\"><img loading=\"lazy\" decoding=\"async\" width=\"1024\" height=\"577\" src=\"https:\/\/racinesprojetsaccompagnement.com\/wp-content\/uploads\/2022\/03\/IMG_7644-1024x577.jpg\" alt=\"\" class=\"wp-image-691\" style=\"aspect-ratio:1.7632850241545894;width:383px;height:auto\" srcset=\"https:\/\/racinesprojetsaccompagnement.com\/wp-content\/uploads\/2022\/03\/IMG_7644-1024x577.jpg 1024w, https:\/\/racinesprojetsaccompagnement.com\/wp-content\/uploads\/2022\/03\/IMG_7644-300x169.jpg 300w, https:\/\/racinesprojetsaccompagnement.com\/wp-content\/uploads\/2022\/03\/IMG_7644-768x433.jpg 768w, https:\/\/racinesprojetsaccompagnement.com\/wp-content\/uploads\/2022\/03\/IMG_7644.jpg 1136w\" sizes=\"auto, (max-width: 1024px) 100vw, 1024px\" \/><\/figure>\n<\/div>\n\n\n<div class=\"wp-block-buttons is-layout-flex wp-block-buttons-is-layout-flex\"><\/div>\n<\/div>\n<\/div>\n\n\n<div class=\"wp-block-image\">\n<figure class=\"aligncenter size-large is-resized\"><img loading=\"lazy\" decoding=\"async\" width=\"317\" height=\"170\" src=\"https:\/\/racinesprojetsaccompagnement.com\/wp-content\/uploads\/2021\/11\/LogoQualiopi-Marianne-150dpi-31.jpg\" alt=\"\" class=\"wp-image-634\" style=\"width:299px;height:173px\" srcset=\"https:\/\/racinesprojetsaccompagnement.com\/wp-content\/uploads\/2021\/11\/LogoQualiopi-Marianne-150dpi-31.jpg 317w, https:\/\/racinesprojetsaccompagnement.com\/wp-content\/uploads\/2021\/11\/LogoQualiopi-Marianne-150dpi-31-300x161.jpg 300w\" sizes=\"auto, (max-width: 317px) 100vw, 317px\" \/><figcaption class=\"wp-element-caption\"><strong><span style=\"color:#0700a3\" class=\"has-inline-color\">La certification qualit\u00e9 a \u00e9t\u00e9 d\u00e9livr\u00e9e au titre de la cat\u00e9gorie d&rsquo;action suivante: <\/span><\/strong><br><strong><span class=\"has-inline-color has-vivid-red-color\">BILANS DE COMPETENCES<\/span><span style=\"color:#0700a3\" class=\"has-inline-color\">.<\/span><\/strong><\/figcaption><\/figure>\n<\/div>\n\n\n<p>Certificat Qualiopi<\/p>\n\n\n\n<div class=\"wp-block-file\"><a id=\"wp-block-file--media-fc654628-a203-435b-bcd9-2c841ca43d51\" href=\"https:\/\/racinesprojetsaccompagnement.com\/wp-content\/uploads\/2023\/09\/Certificat-Qualiopi-Christina-Duchesne.pdf\">Certificat-Qualiopi-Christina-Duchesne<\/a><a href=\"https:\/\/racinesprojetsaccompagnement.com\/wp-content\/uploads\/2023\/09\/Certificat-Qualiopi-Christina-Duchesne.pdf\" class=\"wp-block-file__button wp-element-button\" download aria-describedby=\"wp-block-file--media-fc654628-a203-435b-bcd9-2c841ca43d51\">T\u00e9l\u00e9charger<\/a><\/div>\n\n\n\n<div class=\"wp-block-buttons is-content-justification-center is-layout-flex wp-container-core-buttons-is-layout-16018d1d wp-block-buttons-is-layout-flex\">\n<div class=\"wp-block-button is-style-fill\"><a class=\"wp-block-button__link has-luminous-vivid-amber-color has-vivid-red-background-color has-text-color has-background wp-element-button\" href=\"https:\/\/racinesprojetsaccompagnement.com\/index.php\/me-contacter\/\">CONTACTEZ-MOI<\/a><\/div>\n<\/div>\n\n\n\n<figure class=\"wp-block-pullquote has-border-color\" style=\"border-color:#cf2e2e\"><blockquote><p><em>L\u2019homme m\u00e9rite qu\u2019il se soucie de lui-m\u00eame, car il porte dans son \u00e2me les germes de son devenir.&nbsp;<\/em>.<\/p><cite>Carl gustav jung<\/cite><\/blockquote><\/figure>\n\n\n\n<ul class=\"wp-block-social-links aligncenter is-layout-flex wp-block-social-links-is-layout-flex\"><li class=\"wp-social-link wp-social-link-facebook  wp-block-social-link\"><a href=\"https:\/\/www.facebook.com\/RacinesProjets\" class=\"wp-block-social-link-anchor\"><svg width=\"24\" height=\"24\" viewBox=\"0 0 24 24\" version=\"1.1\" xmlns=\"http:\/\/www.w3.org\/2000\/svg\" aria-hidden=\"true\" focusable=\"false\"><path d=\"M12 2C6.5 2 2 6.5 2 12c0 5 3.7 9.1 8.4 9.9v-7H7.9V12h2.5V9.8c0-2.5 1.5-3.9 3.8-3.9 1.1 0 2.2.2 2.2.2v2.5h-1.3c-1.2 0-1.6.8-1.6 1.6V12h2.8l-.4 2.9h-2.3v7C18.3 21.1 22 17 22 12c0-5.5-4.5-10-10-10z\"><\/path><\/svg><span class=\"wp-block-social-link-label screen-reader-text\">Facebook<\/span><\/a><\/li>\n\n\n\n\n\n<li class=\"wp-social-link wp-social-link-linkedin  wp-block-social-link\"><a href=\"https:\/\/www.linkedin.com\/in\/christina-duchesne-a7622853\/?originalSubdomain=fr\" class=\"wp-block-social-link-anchor\"><svg width=\"24\" height=\"24\" viewBox=\"0 0 24 24\" version=\"1.1\" xmlns=\"http:\/\/www.w3.org\/2000\/svg\" aria-hidden=\"true\" focusable=\"false\"><path d=\"M19.7,3H4.3C3.582,3,3,3.582,3,4.3v15.4C3,20.418,3.582,21,4.3,21h15.4c0.718,0,1.3-0.582,1.3-1.3V4.3 C21,3.582,20.418,3,19.7,3z M8.339,18.338H5.667v-8.59h2.672V18.338z M7.004,8.574c-0.857,0-1.549-0.694-1.549-1.548 c0-0.855,0.691-1.548,1.549-1.548c0.854,0,1.547,0.694,1.547,1.548C8.551,7.881,7.858,8.574,7.004,8.574z M18.339,18.338h-2.669 v-4.177c0-0.996-0.017-2.278-1.387-2.278c-1.389,0-1.601,1.086-1.601,2.206v4.249h-2.667v-8.59h2.559v1.174h0.037 c0.356-0.675,1.227-1.387,2.526-1.387c2.703,0,3.203,1.779,3.203,4.092V18.338z\"><\/path><\/svg><span class=\"wp-block-social-link-label screen-reader-text\">LinkedIn<\/span><\/a><\/li>\n\n<\/ul>\n\n\n\n<div class=\"wp-block-group has-vivid-red-background-color has-background\"><div class=\"wp-block-group__inner-container is-layout-flow wp-block-group-is-layout-flow\">\n<p class=\"has-text-align-center has-vivid-red-background-color has-background has-luminous-vivid-amber-color has-text-color\"><span style=\"background-color:rgba(0, 0, 0, 0)\" class=\"has-inline-color has-luminous-vivid-amber-color\"><strong>Racines Projets Centre bilan de comp\u00e9tences et de th\u00e9rapies<\/strong><\/span><br>5 rue des Clefs 67600<strong> SELESTAT<\/strong> et <span style=\"background-color:rgba(0, 0, 0, 0)\" class=\"has-inline-color has-luminous-vivid-amber-color\">4 rue de Turckheim 68000 <strong>COLMAR<\/strong><br><strong>T\u00e9l. 06 63 64 20 78 &#8211; Mail : christina.duchesne@yahoo.fr<\/strong><br><\/span><\/p>\n<\/div><\/div>\n\n\n\n<p>Cr\u00e9dit photos: J\u00e9r\u00f4me PETIT<\/p>\n\n\n\n<p><\/p>\n","protected":false},"excerpt":{"rendered":"<p>Centre bilan de comp\u00e9tenceset de th\u00e9rapies \u00e0 S\u00e9lestat &amp; Colmar Christina Duchesne Consultante Bilan &#8211; Hypnoth\u00e9rapeute &#8211; Art th\u00e9rapeute humaniste Bienvenue sur mon site, Depuis 19 ans, j\u2019accompagne des femmes et des hommes dans leurs moments cl\u00e9s de vie professionnelle et personnelle, en individuel ou en groupe. En plus d\u2019\u00eatre consultante formatrice en orientation professionnelle &hellip; <\/p>\n<p class=\"link-more\"><a href=\"https:\/\/racinesprojetsaccompagnement.com\/\" class=\"more-link\">Continue reading<span class=\"screen-reader-text\"> \u00ab\u00a0Racines projets\u00a0\u00bb<\/span><\/a><\/p>\n","protected":false},"author":1,"featured_media":0,"parent":0,"menu_order":0,"comment_status":"closed","ping_status":"closed","template":"template-home.php","meta":{"footnotes":""},"class_list":["post-2","page","type-page","status-publish","hentry"],"_links":{"self":[{"href":"https:\/\/racinesprojetsaccompagnement.com\/index.php\/wp-json\/wp\/v2\/pages\/2","targetHints":{"allow":["GET"]}}],"collection":[{"href":"https:\/\/racinesprojetsaccompagnement.com\/index.php\/wp-json\/wp\/v2\/pages"}],"about":[{"href":"https:\/\/racinesprojetsaccompagnement.com\/index.php\/wp-json\/wp\/v2\/types\/page"}],"author":[{"embeddable":true,"href":"https:\/\/racinesprojetsaccompagnement.com\/index.php\/wp-json\/wp\/v2\/users\/1"}],"replies":[{"embeddable":true,"href":"https:\/\/racinesprojetsaccompagnement.com\/index.php\/wp-json\/wp\/v2\/comments?post=2"}],"version-history":[{"count":74,"href":"https:\/\/racinesprojetsaccompagnement.com\/index.php\/wp-json\/wp\/v2\/pages\/2\/revisions"}],"predecessor-version":[{"id":823,"href":"https:\/\/racinesprojetsaccompagnement.com\/index.php\/wp-json\/wp\/v2\/pages\/2\/revisions\/823"}],"wp:attachment":[{"href":"https:\/\/racinesprojetsaccompagnement.com\/index.php\/wp-json\/wp\/v2\/media?parent=2"}],"curies":[{"name":"wp","href":"https:\/\/api.w.org\/{rel}","templated":true}]}}