{"id":190,"date":"2020-12-21T01:16:56","date_gmt":"2020-12-21T00:16:56","guid":{"rendered":"https:\/\/racinesprojetsaccompagnement.com\/?page_id=190"},"modified":"2021-07-28T11:12:04","modified_gmt":"2021-07-28T09:12:04","slug":"hypnose-ericksonienne-therapeutique","status":"publish","type":"page","link":"https:\/\/racinesprojetsaccompagnement.com\/index.php\/hypnose-ericksonienne-therapeutique\/","title":{"rendered":"L&rsquo;Hypnose Ericksonienne th\u00e9rapeutique\u00a0"},"content":{"rendered":"\n<p><strong><span class=\"has-inline-color has-vivid-red-color\">Qu\u2019est-ce que l\u2019hypnose \u00e9ricksonienne th\u00e9rapeutique\u00a0?<\/span><\/strong><br><br>Issue de la pratique de Milton Erickson, l\u2019hypnose est un \u00e9tat modifi\u00e9 de conscience, diff\u00e9rent de l\u2019\u00e9tat de veille et de sommeil. Cet \u00e9tat dit de transe est un ph\u00e9nom\u00e8ne physiologique bien plus banal, naturel et fr\u00e9quent que ce que l\u2019on croit. Lorsque l\u2019on dit de quelqu\u2019un qu\u2019il est dans la lune, qu\u2019il r\u00eave, qu\u2019il n\u2019est pas l\u00e0, \u2026il est en fait dans un \u00e9tat de transe. Lorsque vous rentrez chez vous sans vous rappeler d\u2019une partie de la route, vous \u00e9tiez dans un \u00e9tat de conscience modifi\u00e9.<br><br>En hypnose, cet \u00e9tat induit par l\u2019hypnoth\u00e9rapeute permet d\u2019acc\u00e9der \u00e0 notre inconscient et de dialoguer avec lui. Milton Erickson consid\u00e9rait que notre inconscient \u00e9tait un puits lumineux de ressources capable de nous conduire au changement pour r\u00e9soudre nos probl\u00e8mes.<br><br>C\u2019est une technique tr\u00e8s cr\u00e9ative qui sollicite la collaboration de notre inconscient. On sait tous bien que s\u2019il suffisait de vouloir arr\u00eater de fumer, on arr\u00eaterait sur le champ de fumer, d\u2019avoir peur, d\u2019angoisser, de stresser, ses addictions\u2026<br><br>L\u2019hypnose \u00e9ricksonienne permet \u00e0 l\u2019individu de participer de mani\u00e8re active \u00e0 la recherche de ses propres solutions issues de son inconscient. La personne est consciente de ce qui se passe et se souvient de sa s\u00e9ance. <br><br>Je vous accompagne dans le respect de votre personne et de vos valeurs, et du code de d\u00e9ontologie inh\u00e9rent \u00e0 ma fonction.<br><br><strong><span class=\"has-inline-color has-vivid-red-color\">Pour quoi, pour qui\u00a0?<\/span><\/strong><br><strong><span class=\"has-inline-color has-vivid-red-color\">Pour l\u2019adulte<\/span><\/strong>, <strong><span class=\"has-inline-color has-vivid-red-color\">l&rsquo;adolescent<\/span><\/strong><br>La th\u00e9rapie par l\u2019hypnose est indiqu\u00e9e\u00a0dans les troubles anxieux, les inhibitions, les phobies, la d\u00e9pression, l\u2019accompagnement de deuil, de s\u00e9parations, traumatismes, stress, troubles du sommeil, tics, timidit\u00e9, migraines, douleurs, probl\u00e8mes sexuels, troubles psychosomatiques (psoriasis, ecz\u00e9ma, hypertension art\u00e9rielle, etc.), d\u00e9pendances (alcool, tabac, drogue, nourriture, jeu, achats \u2026).<br><br><span class=\"has-inline-color has-vivid-red-color\"><strong>Pour les enfants<\/strong>,<\/span> qui aiment bien l\u2019hypnose et en font d\u00e9j\u00e0 par eux-m\u00eames\u00a0! Quand ils sont \u00ab dans la lune\u2026 \u00bb, quand ils jouent dans leur monde, quand ils parlent tout seuls\u2026on peut dire qu\u2019ils connaissent cette transe hypnotique\u00a0!<br><br><span class=\"has-inline-color has-vivid-red-color\"><strong>Pour les adolescents,<\/strong> <\/span>elle est tr\u00e8s indiqu\u00e9e pour eux, ils peuvent d\u2019ailleurs \u00eatre tr\u00e8s int\u00e9ress\u00e9s par cette pratique.<br><br>Remarquons que certains adolescents sont m\u00eame \u00e0 la recherche de ces \u00e9tats au travers de consommation d\u2019alcool, cannabis, rave party, jeux vid\u00e9o ou autres jeux, qui modifient leur \u00e9tat de conscience (et qui peuvent mener \u00e0 des conduites \u00e0 risques). Ils exp\u00e9rimentent ces \u00e9tats sans adulte qui les guide, sans un cadre d\u00e9fini, sans un lieu s\u00e9curis\u00e9 o\u00f9 ils pourraient inscrire leur comportement en tant qu\u2019adulte, tel un rite social de passage. L\u2019adolescent de nos soci\u00e9t\u00e9s est en manque de rite de passage encadr\u00e9, s\u00e9curis\u00e9 et valoris\u00e9. Alors que les soci\u00e9t\u00e9s traditionnelles du monde entier utilisaient et utilisent ce rite de passage de l\u2019adolescence vers l&rsquo;\u00e2ge adulte en recourant aux \u00e9tats modifi\u00e9s de conscience.<\/p>\n\n\n\n<p><strong><span class=\"has-inline-color has-vivid-red-color\">Par ailleurs<\/span>,\u00a0<\/strong>la dimension transpersonnelle de mon approche en hypnose me permet de vous accompagner dans les r\u00e9gressions de vies ant\u00e9rieures, dans les d\u00e9gagements d&rsquo;\u00e2mes et de lieux, dans les voyages \u00e0 la rencontre de vos anc\u00eatres.<\/p>\n\n\n\n<p class=\"has-text-align-center has-vivid-red-background-color has-text-color has-background\"><span style=\"background-color:rgba(0, 0, 0, 0)\" class=\"has-inline-color has-luminous-vivid-amber-color\"><strong>Racines Projets &#8211; Centre bilan de comp\u00e9tences et de th\u00e9rapie<\/strong>s<br>5 rue des Clefs <strong>67600 SELESTAT<\/strong><\/span><br><span style=\"background-color:rgba(0, 0, 0, 0)\" class=\"has-inline-color has-luminous-vivid-amber-color\">4 rue de Turckheim<\/span><strong><span style=\"background-color:rgba(0, 0, 0, 0)\" class=\"has-inline-color has-luminous-vivid-amber-color\"> 68000 COLMAR<br>T\u00e9l. 06 63 64 20 78 &#8211; Mail : christina.duchesne@yahoo.fr<\/span><\/strong><\/p>\n","protected":false},"excerpt":{"rendered":"<p>Qu\u2019est-ce que l\u2019hypnose \u00e9ricksonienne th\u00e9rapeutique\u00a0? Issue de la pratique de Milton Erickson, l\u2019hypnose est un \u00e9tat modifi\u00e9 de conscience, diff\u00e9rent de l\u2019\u00e9tat de veille et de sommeil. Cet \u00e9tat dit de transe est un ph\u00e9nom\u00e8ne physiologique bien plus banal, naturel et fr\u00e9quent que ce que l\u2019on croit. Lorsque l\u2019on dit de quelqu\u2019un qu\u2019il est dans &hellip; <\/p>\n<p class=\"link-more\"><a href=\"https:\/\/racinesprojetsaccompagnement.com\/index.php\/hypnose-ericksonienne-therapeutique\/\" class=\"more-link\">Continue reading<span class=\"screen-reader-text\"> \u00ab\u00a0L&rsquo;Hypnose Ericksonienne th\u00e9rapeutique\u00a0\u00ab\u00a0<\/span><\/a><\/p>\n","protected":false},"author":1,"featured_media":509,"parent":0,"menu_order":0,"comment_status":"closed","ping_status":"closed","template":"template-full.php","meta":{"footnotes":""},"class_list":["post-190","page","type-page","status-publish","has-post-thumbnail","hentry"],"_links":{"self":[{"href":"https:\/\/racinesprojetsaccompagnement.com\/index.php\/wp-json\/wp\/v2\/pages\/190","targetHints":{"allow":["GET"]}}],"collection":[{"href":"https:\/\/racinesprojetsaccompagnement.com\/index.php\/wp-json\/wp\/v2\/pages"}],"about":[{"href":"https:\/\/racinesprojetsaccompagnement.com\/index.php\/wp-json\/wp\/v2\/types\/page"}],"author":[{"embeddable":true,"href":"https:\/\/racinesprojetsaccompagnement.com\/index.php\/wp-json\/wp\/v2\/users\/1"}],"replies":[{"embeddable":true,"href":"https:\/\/racinesprojetsaccompagnement.com\/index.php\/wp-json\/wp\/v2\/comments?post=190"}],"version-history":[{"count":12,"href":"https:\/\/racinesprojetsaccompagnement.com\/index.php\/wp-json\/wp\/v2\/pages\/190\/revisions"}],"predecessor-version":[{"id":545,"href":"https:\/\/racinesprojetsaccompagnement.com\/index.php\/wp-json\/wp\/v2\/pages\/190\/revisions\/545"}],"wp:featuredmedia":[{"embeddable":true,"href":"https:\/\/racinesprojetsaccompagnement.com\/index.php\/wp-json\/wp\/v2\/media\/509"}],"wp:attachment":[{"href":"https:\/\/racinesprojetsaccompagnement.com\/index.php\/wp-json\/wp\/v2\/media?parent=190"}],"curies":[{"name":"wp","href":"https:\/\/api.w.org\/{rel}","templated":true}]}}